{"id":503,"date":"2021-07-15T17:16:33","date_gmt":"2021-07-15T17:16:33","guid":{"rendered":"http:\/\/www.colegioamericomelo.com.br\/blog\/?page_id=503"},"modified":"2021-07-19T19:21:35","modified_gmt":"2021-07-19T19:21:35","slug":"kitcinema","status":"publish","type":"page","link":"http:\/\/www.colegioamericomelo.com.br\/blog\/kitcinema\/","title":{"rendered":"KIT CINEMA"},"content":{"rendered":"\n<h4 class=\"wp-block-heading\"><strong>Voc\u00ea acaba\nde ganhar um Kit cinema exclusivo CAM!<\/strong><\/h4>\n\n\n\n<p style=\"text-align:left\"><strong>Para tornar esse momento ainda mais divertido, separamos algumas dicas de filmes para assistir em fam\u00edlia!<\/strong><\/p>\n\n\n\n<h3 style=\"color: #96001d;\">TOY STORY<\/h3>\n\n\n\n<style>.embed-container { position: relative; padding-bottom: 56.25%; height: 0; overflow: hidden; max-width: 100%; } .embed-container iframe, .embed-container object, .embed-container embed { position: absolute; top: 0; left: 0; width: 100%; height: 100%; }<\/style><div class=\"embed-container\"><iframe src=\"https:\/\/www.youtube.com\/embed\/_8vw4UikKhg\" frameborder=\"0\" allowfullscreen=\"\"><\/iframe><\/div>\n\n\n\n<p>O anivers\u00e1rio do garoto Andy est\u00e1 chegando e seus brinquedos ficam nervosos, temendo que ele ganhe novos brinquedos que possam substitu\u00ed-los. Liderados pelo caub\u00f3i Woody, o brinquedo predileto de Andy, eles recebem Buzz Lightyear, o boneco de um patrulheiro espacial, que logo passa a receber mais aten\u00e7\u00e3o do garoto. Com ci\u00fames, Woody tenta ensin\u00e1-lo uma li\u00e7\u00e3o, mas Buzz cai pela janela. \u00c9 o in\u00edcio da aventura do caub\u00f3i, que precisa resgatar Buzz para limpar sua barra com os outros brinquedos.<\/p>\n\n\n\n<h3 style=\"color: #96001d;\">SOUL<\/h3>\n\n\n\n<style>.embed-container { position: relative; padding-bottom: 56.25%; height: 0; overflow: hidden; max-width: 100%; } .embed-container iframe, .embed-container object, .embed-container embed { position: absolute; top: 0; left: 0; width: 100%; height: 100%; }<\/style><div class=\"embed-container\"><iframe src=\"https:\/\/www.youtube.com\/embed\/hWBxoH4-4yw\" frameborder=\"0\" allowfullscreen=\"\"><\/iframe><\/div>\n\n\n\n<p>Joe \u00e9 um professor de m\u00fasica do ensino m\u00e9dio apaixonado por jazz, cuja vida n\u00e3o foi como ele esperava. Quando ele viaja a uma outra realidade para ajudar outra pessoa a encontrar sua paix\u00e3o, ele descobre o verdadeiro sentido da vida.<\/p>\n\n\n\n<h3 style=\"color: #96001d;\">MADAGASCAR<\/h3>\n\n\n\n<style>.embed-container { position: relative; padding-bottom: 56.25%; height: 0; overflow: hidden; max-width: 100%; } .embed-container iframe, .embed-container object, .embed-container embed { position: absolute; top: 0; left: 0; width: 100%; height: 100%; }<\/style><div class=\"embed-container\"><iframe src=\"https:\/\/www.youtube.com\/embed\/kqGSRLN2XsM\" frameborder=\"0\" allowfullscreen=\"\"><\/iframe><\/div>\n\n\n\n<p>O le\u00e3o Alex \u00e9 o rei da selva urbana, a\nprincipal atra\u00e7\u00e3o no zool\u00f3gico de Nova York. Ele e seus melhores amigos &#8211; a\nzebra Marty, a girafa Melman e a hipop\u00f3tamo f\u00eamea Gloria &#8211; sempre viveram em\ncativeiro, felizes, com refei\u00e7\u00f5es regulares e um p\u00fablico para ador\u00e1-los. No\nentanto, Marty quer explorar o mundo e foge com a ajuda dos pinguins.<\/p>\n\n\n\n<h3 style=\"color: #96001d;\">WALL-E<\/h3>\n\n\n\n<style>.embed-container { position: relative; padding-bottom: 56.25%; height: 0; overflow: hidden; max-width: 100%; } .embed-container iframe, .embed-container object, .embed-container embed { position: absolute; top: 0; left: 0; width: 100%; height: 100%; }<\/style><div class=\"embed-container\"><iframe src=\"https:\/\/www.youtube.com\/embed\/m5_lIuBXKWk\" frameborder=\"0\" allowfullscreen=\"\"><\/iframe><\/div>\n\n\n\n<p>Ap\u00f3s entulhar a Terra de lixo e poluir a atmosfera com gases t\u00f3xicos, a humanidade deixou o planeta e passou a viver em uma gigantesca nave. O plano era que o retiro durasse alguns poucos anos, com rob\u00f4s sendo deixados para limpar o planeta. WALL-E \u00e9 o \u00faltimo destes rob\u00f4s, e sua vida consiste em compactar o lixo existente no planeta. At\u00e9 que um dia surge repentinamente uma nave, que traz um novo e moderno rob\u00f4: Eva. A princ\u00edpio curioso, WALL-E se apaixona e resolve segui-la por toda a gal\u00e1xia.<\/p>\n\n\n\n<p><\/p>\n\n\n\n<p style=\"text-align:center\"><strong>E para voc\u00ea que acessou esse conte\u00fado preparado com muito carinho por n\u00f3s, oferecemos um <em>DESCONTO<\/em> na taxa de matr\u00edcula! *<\/strong><\/p>\n\n\n\n<p style=\"text-align:center\"><strong>Clique no link abaixo e acesse nosso canal exclusivo de atendimento para garantir essa oportunidade e fechar sua matr\u00edcula !!<\/strong><\/p>\n\n\n\n<p><a href=\"https:\/\/api.whatsapp.com\/send\/?phone=5511983677910&amp;text&amp;app_absent=0\"><\/a><\/p>\n\n\n\n<div class=\"wp-block-image\"><figure class=\"aligncenter is-resized\"><figure><figure><a href=\"https:\/\/api.whatsapp.com\/send\/?phone=5511983677910&amp;text&amp;app_absent=0\" target=\"_blank\" rel=\"noopener noreferrer\"><img loading=\"lazy\" decoding=\"async\" src=\"http:\/\/www.colegioamericomelo.com.br\/blog\/wp-content\/uploads\/2021\/07\/botao-whatsapp.png\" alt=\"\" class=\"wp-image-517\" width=\"245\" height=\"82\" srcset=\"http:\/\/www.colegioamericomelo.com.br\/blog\/wp-content\/uploads\/2021\/07\/botao-whatsapp.png 669w, http:\/\/www.colegioamericomelo.com.br\/blog\/wp-content\/uploads\/2021\/07\/botao-whatsapp-300x100.png 300w\" sizes=\"auto, (max-width: 245px) 100vw, 245px\" \/><\/a><\/figure><\/figure><\/figure><\/div>\n\n\n\n<p>Tenha acesso a conte\u00fados exclusivos atrav\u00e9s das nossas redes sociais:<\/p>\n\n\n\n<p><a href=\"https:\/\/www.facebook.com\/colegioamericomelo\/\">https:\/\/www.facebook.com\/colegioamericomelo\/<\/a><\/p>\n\n\n\n<p><a href=\"https:\/\/www.instagram.com\/colegio_americo_melo\/\">https:\/\/www.instagram.com\/colegio_americo_melo\/<\/a><\/p>\n","protected":false},"excerpt":{"rendered":"<p>Voc\u00ea acaba de ganhar um Kit cinema exclusivo CAM! Para tornar esse momento ainda mais divertido, separamos algumas dicas de<\/p>\n","protected":false},"author":1,"featured_media":0,"parent":0,"menu_order":0,"comment_status":"closed","ping_status":"closed","template":"","meta":{"footnotes":""},"class_list":["post-503","page","type-page","status-publish","hentry"],"_links":{"self":[{"href":"http:\/\/www.colegioamericomelo.com.br\/blog\/wp-json\/wp\/v2\/pages\/503","targetHints":{"allow":["GET"]}}],"collection":[{"href":"http:\/\/www.colegioamericomelo.com.br\/blog\/wp-json\/wp\/v2\/pages"}],"about":[{"href":"http:\/\/www.colegioamericomelo.com.br\/blog\/wp-json\/wp\/v2\/types\/page"}],"author":[{"embeddable":true,"href":"http:\/\/www.colegioamericomelo.com.br\/blog\/wp-json\/wp\/v2\/users\/1"}],"replies":[{"embeddable":true,"href":"http:\/\/www.colegioamericomelo.com.br\/blog\/wp-json\/wp\/v2\/comments?post=503"}],"version-history":[{"count":12,"href":"http:\/\/www.colegioamericomelo.com.br\/blog\/wp-json\/wp\/v2\/pages\/503\/revisions"}],"predecessor-version":[{"id":524,"href":"http:\/\/www.colegioamericomelo.com.br\/blog\/wp-json\/wp\/v2\/pages\/503\/revisions\/524"}],"wp:attachment":[{"href":"http:\/\/www.colegioamericomelo.com.br\/blog\/wp-json\/wp\/v2\/media?parent=503"}],"curies":[{"name":"wp","href":"https:\/\/api.w.org\/{rel}","templated":true}]}}